{"id":6569,"date":"2026-02-18T12:41:58","date_gmt":"2026-02-18T11:41:58","guid":{"rendered":"https:\/\/understandingdata.eu\/?page_id=6569"},"modified":"2026-04-03T14:48:18","modified_gmt":"2026-04-03T12:48:18","slug":"blogs","status":"publish","type":"page","link":"https:\/\/understandingdata.eu\/nl\/blogs\/","title":{"rendered":"Blogs"},"content":{"rendered":"<div data-elementor-type=\"wp-post\" data-elementor-id=\"6569\" class=\"elementor elementor-6569\" data-elementor-post-type=\"page\">\n\t\t\t\t<div class=\"elementor-element elementor-element-3283125 e-flex e-con-boxed e-con e-parent\" data-id=\"3283125\" data-element_type=\"container\">\n\t\t\t\t\t<div class=\"e-con-inner\">\n\t\t<div class=\"elementor-element elementor-element-092fe76 e-con-full e-flex e-con e-child\" data-id=\"092fe76\" data-element_type=\"container\">\n\t\t\t\t<div class=\"elementor-element elementor-element-7c4db44 elementor-widget elementor-widget-spacer\" data-id=\"7c4db44\" data-element_type=\"widget\" data-widget_type=\"spacer.default\">\n\t\t\t\t<div class=\"elementor-widget-container\">\n\t\t\t\t\t\t\t<div class=\"elementor-spacer\">\n\t\t\t<div class=\"elementor-spacer-inner\"><\/div>\n\t\t<\/div>\n\t\t\t\t\t\t<\/div>\n\t\t\t\t<\/div>\n\t\t\t\t<div class=\"elementor-element elementor-element-89e0fb7 elementor-widget elementor-widget-heading\" data-id=\"89e0fb7\" data-element_type=\"widget\" data-widget_type=\"heading.default\">\n\t\t\t\t<div class=\"elementor-widget-container\">\n\t\t\t\t\t<h2 class=\"elementor-heading-title elementor-size-default\">Blogs<\/h2>\t\t\t\t<\/div>\n\t\t\t\t<\/div>\n\t\t\t\t<div class=\"elementor-element elementor-element-a130ff0 elementor-widget elementor-widget-heading\" data-id=\"a130ff0\" data-element_type=\"widget\" data-widget_type=\"heading.default\">\n\t\t\t\t<div class=\"elementor-widget-container\">\n\t\t\t\t\t<h2 class=\"elementor-heading-title elementor-size-default\">Nieuws &amp; Inzichten<\/h2>\t\t\t\t<\/div>\n\t\t\t\t<\/div>\n\t\t\t\t<div class=\"elementor-element elementor-element-3067332 elementor-widget elementor-widget-text-editor\" data-id=\"3067332\" data-element_type=\"widget\" data-widget_type=\"text-editor.default\">\n\t\t\t\t<div class=\"elementor-widget-container\">\n\t\t\t\t\t\t\t\t\t<p>Nieuws, inzichten &amp; verhalen van het Understanding Data-team<\/p>\t\t\t\t\t\t\t\t<\/div>\n\t\t\t\t<\/div>\n\t\t\t\t<\/div>\n\t\t\t\t\t<\/div>\n\t\t\t\t<\/div>\n\t\t<div class=\"elementor-element elementor-element-9fa3ef6 e-flex e-con-boxed e-con e-parent\" data-id=\"9fa3ef6\" data-element_type=\"container\">\n\t\t\t\t\t<div class=\"e-con-inner\">\n\t\t\t\t<div class=\"elementor-element elementor-element-e737a52 elementor-grid-2 elementor-grid-tablet-2 elementor-grid-mobile-1 elementor-posts--thumbnail-top elementor-card-shadow-yes elementor-posts__hover-gradient elementor-widget elementor-widget-posts\" data-id=\"e737a52\" data-element_type=\"widget\" data-settings=\"{&quot;cards_columns&quot;:&quot;2&quot;,&quot;cards_columns_tablet&quot;:&quot;2&quot;,&quot;cards_columns_mobile&quot;:&quot;1&quot;,&quot;cards_row_gap&quot;:{&quot;unit&quot;:&quot;px&quot;,&quot;size&quot;:35,&quot;sizes&quot;:[]},&quot;cards_row_gap_tablet&quot;:{&quot;unit&quot;:&quot;px&quot;,&quot;size&quot;:&quot;&quot;,&quot;sizes&quot;:[]},&quot;cards_row_gap_mobile&quot;:{&quot;unit&quot;:&quot;px&quot;,&quot;size&quot;:&quot;&quot;,&quot;sizes&quot;:[]}}\" data-widget_type=\"posts.cards\">\n\t\t\t\t<div class=\"elementor-widget-container\">\n\t\t\t\t\t\t\t<div class=\"elementor-posts-container elementor-posts elementor-posts--skin-cards elementor-grid\" role=\"list\">\n\t\t\t\t<article class=\"elementor-post elementor-grid-item post-6868 post type-post status-publish format-standard has-post-thumbnail hentry category-blog tag-ai-ready-data tag-data-governance tag-dbt\" role=\"listitem\">\n\t\t\t<div class=\"elementor-post__card\">\n\t\t\t\t<a class=\"elementor-post__thumbnail__link\" href=\"https:\/\/understandingdata.eu\/nl\/blog\/dry-data-documentation-by-using-dbt-doc-blocks\/\" tabindex=\"-1\" ><div class=\"elementor-post__thumbnail\"><img fetchpriority=\"high\" decoding=\"async\" width=\"700\" height=\"350\" src=\"https:\/\/understandingdata.eu\/wp-content\/uploads\/2026\/03\/Blog_Documentation.png\" class=\"attachment-medium_large size-medium_large wp-image-6880\" alt=\"data documentation by using dbt Doc Blocks\" srcset=\"https:\/\/understandingdata.eu\/wp-content\/uploads\/2026\/03\/Blog_Documentation.png 700w, https:\/\/understandingdata.eu\/wp-content\/uploads\/2026\/03\/Blog_Documentation-300x150.png 300w, https:\/\/understandingdata.eu\/wp-content\/uploads\/2026\/03\/Blog_Documentation-18x9.png 18w\" sizes=\"(max-width: 700px) 100vw, 700px\" \/><\/div><\/a>\n\t\t\t\t<div class=\"elementor-post__badge\">Blog<\/div>\n\t\t\t\t<div class=\"elementor-post__text\">\n\t\t\t\t<h3 class=\"elementor-post__title\">\n\t\t\t<a href=\"https:\/\/understandingdata.eu\/nl\/blog\/dry-data-documentation-by-using-dbt-doc-blocks\/\" >\n\t\t\t\tDRY data documentation met dbt doc blocks\t\t\t<\/a>\n\t\t<\/h3>\n\t\t\t\t<div class=\"elementor-post__excerpt\">\n\t\t\t<p>Using dbt doc blocks enables DRY (Don&#8217;t Repeat Yourself) documentation by defining field descriptions in central Markdown files, improving consistency and maintainability as projects scale. This approach prevents the need to redefine fields in multiple YAML files, allowing updates to be reflected instantly across all downstream models. The Hidden Cost of Poor Documentation Documentation is often one of the most overlooked aspects of data work. We build pipelines, structure our models, and deliver dashboards. The people already involved understand what is happening, but what happens when someone new joins?Without clear documentation, it becomes difficult for them to make sense of anything.With the rise of AI, this problem is only amplified. We increasingly expect to \u201ctalk\u201d to our data, but if that data lacks clear definitions,<\/p>\n\t\t<\/div>\n\t\t\n\t\t<a class=\"elementor-post__read-more\" href=\"https:\/\/understandingdata.eu\/nl\/blog\/dry-data-documentation-by-using-dbt-doc-blocks\/\" aria-label=\"Read more about DRY data documentation by using dbt Doc Blocks\" tabindex=\"-1\" >\n\t\t\tVerder lezen\t\t<\/a>\n\n\t\t\t\t<\/div>\n\t\t\t\t<div class=\"elementor-post__meta-data\">\n\t\t\t\t\t<span class=\"elementor-post-date\">\n\t\t\t25\/03\/2026\t\t<\/span>\n\t\t\t\t<\/div>\n\t\t\t\t\t<\/div>\n\t\t<\/article>\n\t\t\t\t<article class=\"elementor-post elementor-grid-item post-6603 post type-post status-publish format-standard has-post-thumbnail hentry category-blog tag-encryption tag-secrets tag-sops\" role=\"listitem\">\n\t\t\t<div class=\"elementor-post__card\">\n\t\t\t\t<a class=\"elementor-post__thumbnail__link\" href=\"https:\/\/understandingdata.eu\/nl\/blog\/secrets\/\" tabindex=\"-1\" ><div class=\"elementor-post__thumbnail\"><img decoding=\"async\" width=\"700\" height=\"350\" src=\"https:\/\/understandingdata.eu\/wp-content\/uploads\/2026\/02\/Secrets.png\" class=\"attachment-medium_large size-medium_large wp-image-6628\" alt=\"\" srcset=\"https:\/\/understandingdata.eu\/wp-content\/uploads\/2026\/02\/Secrets.png 700w, https:\/\/understandingdata.eu\/wp-content\/uploads\/2026\/02\/Secrets-300x150.png 300w, https:\/\/understandingdata.eu\/wp-content\/uploads\/2026\/02\/Secrets-18x9.png 18w\" sizes=\"(max-width: 700px) 100vw, 700px\" \/><\/div><\/a>\n\t\t\t\t<div class=\"elementor-post__badge\">Blog<\/div>\n\t\t\t\t<div class=\"elementor-post__text\">\n\t\t\t\t<h3 class=\"elementor-post__title\">\n\t\t\t<a href=\"https:\/\/understandingdata.eu\/nl\/blog\/secrets\/\" >\n\t\t\t\tGeheimen\t\t\t<\/a>\n\t\t<\/h3>\n\t\t\t\t<div class=\"elementor-post__excerpt\">\n\t\t\t<p>\u201cSecrets\u201d zijn geheimen in computersystemen. Secrets zijn bijvoorbeeld:  * De toegangscode van je database * De gebruikersnaam van je SaaS systeem  Secrets horen bij je software, maar wil je liefst op een andere plek bijhouden. Je wilt de sleutel van je kluis ook niet op de kluis laten zitten. Wat wel interessant kan zijn is dat je de sleutel van je kluis in 100 stukken knipt en t\u00f3ch bij je kluis legt. Op deze manier heb je in ieder geval je sleutel dichtbij, je moet alleen weten hoe je hem moet samenvoegen.<\/p>\n\t\t<\/div>\n\t\t\n\t\t<a class=\"elementor-post__read-more\" href=\"https:\/\/understandingdata.eu\/nl\/blog\/secrets\/\" aria-label=\"Read more about Secrets\" tabindex=\"-1\" >\n\t\t\tVerder lezen\t\t<\/a>\n\n\t\t\t\t<\/div>\n\t\t\t\t<div class=\"elementor-post__meta-data\">\n\t\t\t\t\t<span class=\"elementor-post-date\">\n\t\t\t18\/02\/2026\t\t<\/span>\n\t\t\t\t<\/div>\n\t\t\t\t\t<\/div>\n\t\t<\/article>\n\t\t\t\t<article class=\"elementor-post elementor-grid-item post-6560 post type-post status-publish format-standard has-post-thumbnail hentry category-news tag-team tag-understanding-data\" role=\"listitem\">\n\t\t\t<div class=\"elementor-post__card\">\n\t\t\t\t<a class=\"elementor-post__thumbnail__link\" href=\"https:\/\/understandingdata.eu\/nl\/news\/udteam\/\" tabindex=\"-1\" ><div class=\"elementor-post__thumbnail\"><img decoding=\"async\" width=\"700\" height=\"350\" src=\"https:\/\/understandingdata.eu\/wp-content\/uploads\/2026\/02\/photoshoot.png\" class=\"attachment-medium_large size-medium_large wp-image-6632\" alt=\"\" srcset=\"https:\/\/understandingdata.eu\/wp-content\/uploads\/2026\/02\/photoshoot.png 700w, https:\/\/understandingdata.eu\/wp-content\/uploads\/2026\/02\/photoshoot-300x150.png 300w, https:\/\/understandingdata.eu\/wp-content\/uploads\/2026\/02\/photoshoot-18x9.png 18w\" sizes=\"(max-width: 700px) 100vw, 700px\" \/><\/div><\/a>\n\t\t\t\t<div class=\"elementor-post__badge\">News<\/div>\n\t\t\t\t<div class=\"elementor-post__text\">\n\t\t\t\t<h3 class=\"elementor-post__title\">\n\t\t\t<a href=\"https:\/\/understandingdata.eu\/nl\/news\/udteam\/\" >\n\t\t\t\tBehind the scenes\t\t\t<\/a>\n\t\t<\/h3>\n\t\t\t\t<div class=\"elementor-post__excerpt\">\n\t\t\t<p>Bij Understanding Data draait het meestal om cijfers, inzichten en dashboards. Deze keer stond er iets anders op de planning: een fotoshoot. Samen met het team van Bunqer legden we vast wie we zijn en waar we voor staan. Niet alleen als dataspecialisten, maar als mensen achter de analyses en projecten. Het was een fijn moment om even uit de dagelijkse flow van data analytics te stappen en stil te staan bij onze groei als team.\n\nIn \u00e9\u00e9n jaar tijd zijn we ge\u00ebvolueerd naar een sterk team van gedreven experten.<\/p>\n\t\t<\/div>\n\t\t\n\t\t<a class=\"elementor-post__read-more\" href=\"https:\/\/understandingdata.eu\/nl\/news\/udteam\/\" aria-label=\"Read more about Behind the scenes\" tabindex=\"-1\" >\n\t\t\tVerder lezen\t\t<\/a>\n\n\t\t\t\t<\/div>\n\t\t\t\t<div class=\"elementor-post__meta-data\">\n\t\t\t\t\t<span class=\"elementor-post-date\">\n\t\t\t29\/01\/2026\t\t<\/span>\n\t\t\t\t<\/div>\n\t\t\t\t\t<\/div>\n\t\t<\/article>\n\t\t\t\t<\/div>\n\t\t\n\t\t\t\t\t\t<\/div>\n\t\t\t\t<\/div>\n\t\t\t\t\t<\/div>\n\t\t\t\t<\/div>\n\t\t\t\t<\/div>","protected":false},"excerpt":{"rendered":"<p>Discover how Case Studies Data Solutions drive success for businesses and governments by enhancing efficiency and decision-making.<\/p>","protected":false},"author":6,"featured_media":6555,"parent":0,"menu_order":0,"comment_status":"closed","ping_status":"closed","template":"","meta":{"inline_featured_image":false,"footnotes":""},"class_list":["post-6569","page","type-page","status-publish","has-post-thumbnail","hentry"],"yoast_head":"<!-- This site is optimized with the Yoast SEO plugin v27.0 - https:\/\/yoast.com\/product\/yoast-seo-wordpress\/ -->\n<title>News, insights &amp; articles from the Understanding Data Team<\/title>\n<meta name=\"description\" content=\"Explore news, insights &amp; articles from the Understanding Data Team.\" \/>\n<meta name=\"robots\" content=\"index, follow, max-snippet:-1, max-image-preview:large, max-video-preview:-1\" \/>\n<link rel=\"canonical\" href=\"https:\/\/understandingdata.eu\/nl\/blogs\/\" \/>\n<meta property=\"og:locale\" content=\"nl_BE\" \/>\n<meta property=\"og:type\" content=\"article\" \/>\n<meta property=\"og:title\" content=\"News, insights &amp; articles from the Understanding Data Team\" \/>\n<meta property=\"og:description\" content=\"Explore news, insights &amp; articles from the Understanding Data Team.\" \/>\n<meta property=\"og:url\" content=\"https:\/\/understandingdata.eu\/nl\/blogs\/\" \/>\n<meta property=\"og:site_name\" content=\"Understanding Data\" \/>\n<meta property=\"article:modified_time\" content=\"2026-04-03T12:48:18+00:00\" \/>\n<meta property=\"og:image\" content=\"https:\/\/understandingdata.eu\/wp-content\/uploads\/2026\/02\/understandingdata_og.png\" \/>\n\t<meta property=\"og:image:width\" content=\"1200\" \/>\n\t<meta property=\"og:image:height\" content=\"627\" \/>\n\t<meta property=\"og:image:type\" content=\"image\/png\" \/>\n<meta name=\"twitter:card\" content=\"summary_large_image\" \/>\n<meta name=\"twitter:label1\" content=\"Geschatte leestijd\" \/>\n\t<meta name=\"twitter:data1\" content=\"3 minuten\" \/>\n<script type=\"application\/ld+json\" class=\"yoast-schema-graph\">{\"@context\":\"https:\/\/schema.org\",\"@graph\":[{\"@type\":\"WebPage\",\"@id\":\"https:\/\/understandingdata.eu\/blogs\/\",\"url\":\"https:\/\/understandingdata.eu\/blogs\/\",\"name\":\"News, insights & articles from the Understanding Data Team\",\"isPartOf\":{\"@id\":\"https:\/\/understandingdata.eu\/#website\"},\"primaryImageOfPage\":{\"@id\":\"https:\/\/understandingdata.eu\/blogs\/#primaryimage\"},\"image\":{\"@id\":\"https:\/\/understandingdata.eu\/blogs\/#primaryimage\"},\"thumbnailUrl\":\"https:\/\/understandingdata.eu\/wp-content\/uploads\/2026\/02\/understandingdata_og.png\",\"datePublished\":\"2026-02-18T11:41:58+00:00\",\"dateModified\":\"2026-04-03T12:48:18+00:00\",\"description\":\"Explore news, insights & articles from the Understanding Data Team.\",\"breadcrumb\":{\"@id\":\"https:\/\/understandingdata.eu\/blogs\/#breadcrumb\"},\"inLanguage\":\"nl-BE\",\"potentialAction\":[{\"@type\":\"ReadAction\",\"target\":[\"https:\/\/understandingdata.eu\/blogs\/\"]}]},{\"@type\":\"ImageObject\",\"inLanguage\":\"nl-BE\",\"@id\":\"https:\/\/understandingdata.eu\/blogs\/#primaryimage\",\"url\":\"https:\/\/understandingdata.eu\/wp-content\/uploads\/2026\/02\/understandingdata_og.png\",\"contentUrl\":\"https:\/\/understandingdata.eu\/wp-content\/uploads\/2026\/02\/understandingdata_og.png\",\"width\":1200,\"height\":627,\"caption\":\"Understanding Data\"},{\"@type\":\"BreadcrumbList\",\"@id\":\"https:\/\/understandingdata.eu\/blogs\/#breadcrumb\",\"itemListElement\":[{\"@type\":\"ListItem\",\"position\":1,\"name\":\"Home\",\"item\":\"https:\/\/understandingdata.eu\/\"},{\"@type\":\"ListItem\",\"position\":2,\"name\":\"Blogs\"}]},{\"@type\":\"WebSite\",\"@id\":\"https:\/\/understandingdata.eu\/#website\",\"url\":\"https:\/\/understandingdata.eu\/\",\"name\":\"Understanding Data\",\"description\":\"Pioneering data solutions to empower society\",\"publisher\":{\"@id\":\"https:\/\/understandingdata.eu\/#organization\"},\"potentialAction\":[{\"@type\":\"SearchAction\",\"target\":{\"@type\":\"EntryPoint\",\"urlTemplate\":\"https:\/\/understandingdata.eu\/?s={search_term_string}\"},\"query-input\":{\"@type\":\"PropertyValueSpecification\",\"valueRequired\":true,\"valueName\":\"search_term_string\"}}],\"inLanguage\":\"nl-BE\"},{\"@type\":\"Organization\",\"@id\":\"https:\/\/understandingdata.eu\/#organization\",\"name\":\"Understanding Data\",\"url\":\"https:\/\/understandingdata.eu\/\",\"logo\":{\"@type\":\"ImageObject\",\"inLanguage\":\"nl-BE\",\"@id\":\"https:\/\/understandingdata.eu\/#\/schema\/logo\/image\/\",\"url\":\"https:\/\/understandingdata.eu\/wp-content\/uploads\/2024\/05\/UDtext-logo-zwart-breed.svg\",\"contentUrl\":\"https:\/\/understandingdata.eu\/wp-content\/uploads\/2024\/05\/UDtext-logo-zwart-breed.svg\",\"width\":673,\"height\":149,\"caption\":\"Understanding Data\"},\"image\":{\"@id\":\"https:\/\/understandingdata.eu\/#\/schema\/logo\/image\/\"},\"sameAs\":[\"https:\/\/www.linkedin.com\/in\/floris-remmen\/\"]}]}<\/script>\n<!-- \/ Yoast SEO plugin. -->","yoast_head_json":{"title":"News, insights & articles from the Understanding Data Team","description":"Explore news, insights & articles from the Understanding Data Team.","robots":{"index":"index","follow":"follow","max-snippet":"max-snippet:-1","max-image-preview":"max-image-preview:large","max-video-preview":"max-video-preview:-1"},"canonical":"https:\/\/understandingdata.eu\/nl\/blogs\/","og_locale":"nl_BE","og_type":"article","og_title":"News, insights & articles from the Understanding Data Team","og_description":"Explore news, insights & articles from the Understanding Data Team.","og_url":"https:\/\/understandingdata.eu\/nl\/blogs\/","og_site_name":"Understanding Data","article_modified_time":"2026-04-03T12:48:18+00:00","og_image":[{"width":1200,"height":627,"url":"https:\/\/understandingdata.eu\/wp-content\/uploads\/2026\/02\/understandingdata_og.png","type":"image\/png"}],"twitter_card":"summary_large_image","twitter_misc":{"Geschatte leestijd":"3 minuten"},"schema":{"@context":"https:\/\/schema.org","@graph":[{"@type":"WebPage","@id":"https:\/\/understandingdata.eu\/blogs\/","url":"https:\/\/understandingdata.eu\/blogs\/","name":"News, insights & articles from the Understanding Data Team","isPartOf":{"@id":"https:\/\/understandingdata.eu\/#website"},"primaryImageOfPage":{"@id":"https:\/\/understandingdata.eu\/blogs\/#primaryimage"},"image":{"@id":"https:\/\/understandingdata.eu\/blogs\/#primaryimage"},"thumbnailUrl":"https:\/\/understandingdata.eu\/wp-content\/uploads\/2026\/02\/understandingdata_og.png","datePublished":"2026-02-18T11:41:58+00:00","dateModified":"2026-04-03T12:48:18+00:00","description":"Explore news, insights & articles from the Understanding Data Team.","breadcrumb":{"@id":"https:\/\/understandingdata.eu\/blogs\/#breadcrumb"},"inLanguage":"nl-BE","potentialAction":[{"@type":"ReadAction","target":["https:\/\/understandingdata.eu\/blogs\/"]}]},{"@type":"ImageObject","inLanguage":"nl-BE","@id":"https:\/\/understandingdata.eu\/blogs\/#primaryimage","url":"https:\/\/understandingdata.eu\/wp-content\/uploads\/2026\/02\/understandingdata_og.png","contentUrl":"https:\/\/understandingdata.eu\/wp-content\/uploads\/2026\/02\/understandingdata_og.png","width":1200,"height":627,"caption":"Understanding Data"},{"@type":"BreadcrumbList","@id":"https:\/\/understandingdata.eu\/blogs\/#breadcrumb","itemListElement":[{"@type":"ListItem","position":1,"name":"Home","item":"https:\/\/understandingdata.eu\/"},{"@type":"ListItem","position":2,"name":"Blogs"}]},{"@type":"WebSite","@id":"https:\/\/understandingdata.eu\/#website","url":"https:\/\/understandingdata.eu\/","name":"Understanding Data","description":"Pioneering data solutions to empower society","publisher":{"@id":"https:\/\/understandingdata.eu\/#organization"},"potentialAction":[{"@type":"SearchAction","target":{"@type":"EntryPoint","urlTemplate":"https:\/\/understandingdata.eu\/?s={search_term_string}"},"query-input":{"@type":"PropertyValueSpecification","valueRequired":true,"valueName":"search_term_string"}}],"inLanguage":"nl-BE"},{"@type":"Organization","@id":"https:\/\/understandingdata.eu\/#organization","name":"Understanding Data","url":"https:\/\/understandingdata.eu\/","logo":{"@type":"ImageObject","inLanguage":"nl-BE","@id":"https:\/\/understandingdata.eu\/#\/schema\/logo\/image\/","url":"https:\/\/understandingdata.eu\/wp-content\/uploads\/2024\/05\/UDtext-logo-zwart-breed.svg","contentUrl":"https:\/\/understandingdata.eu\/wp-content\/uploads\/2024\/05\/UDtext-logo-zwart-breed.svg","width":673,"height":149,"caption":"Understanding Data"},"image":{"@id":"https:\/\/understandingdata.eu\/#\/schema\/logo\/image\/"},"sameAs":["https:\/\/www.linkedin.com\/in\/floris-remmen\/"]}]}},"_links":{"self":[{"href":"https:\/\/understandingdata.eu\/nl\/wp-json\/wp\/v2\/pages\/6569","targetHints":{"allow":["GET"]}}],"collection":[{"href":"https:\/\/understandingdata.eu\/nl\/wp-json\/wp\/v2\/pages"}],"about":[{"href":"https:\/\/understandingdata.eu\/nl\/wp-json\/wp\/v2\/types\/page"}],"author":[{"embeddable":true,"href":"https:\/\/understandingdata.eu\/nl\/wp-json\/wp\/v2\/users\/6"}],"replies":[{"embeddable":true,"href":"https:\/\/understandingdata.eu\/nl\/wp-json\/wp\/v2\/comments?post=6569"}],"version-history":[{"count":31,"href":"https:\/\/understandingdata.eu\/nl\/wp-json\/wp\/v2\/pages\/6569\/revisions"}],"predecessor-version":[{"id":6910,"href":"https:\/\/understandingdata.eu\/nl\/wp-json\/wp\/v2\/pages\/6569\/revisions\/6910"}],"wp:featuredmedia":[{"embeddable":true,"href":"https:\/\/understandingdata.eu\/nl\/wp-json\/wp\/v2\/media\/6555"}],"wp:attachment":[{"href":"https:\/\/understandingdata.eu\/nl\/wp-json\/wp\/v2\/media?parent=6569"}],"curies":[{"name":"wp","href":"https:\/\/api.w.org\/{rel}","templated":true}]}}